{"id":4,"date":"2017-07-13T11:32:31","date_gmt":"2017-07-13T09:32:31","guid":{"rendered":"http:\/\/muensterview.de\/wordpress\/?page_id=4"},"modified":"2022-11-27T17:38:48","modified_gmt":"2022-11-27T16:38:48","slug":"startseite","status":"publish","type":"page","link":"https:\/\/muensterview.de\/wordpress\/","title":{"rendered":"Fotografie f\u00fcr Presse und \u00d6ffentlichkeitsarbeit"},"content":{"rendered":"<p><span style=\"font-size: 14pt;\">Pressefotografie<\/span><\/p>\n<p style=\"padding-left: 40px;\">Sie sind Journalist oder PR-Spezialist und ben\u00f6tigen kurzfristig Fotos\/Videos aus M\u00fcnster oder der Region f\u00fcr eine aktuelle Berichterstattung?<\/p>\n<p><span style=\"font-size: 14pt;\">Social-Media-Content<\/span><\/p>\n<p style=\"padding-left: 40px;\">Sie suchen einzigartiges Bildmaterial f\u00fcr Social Media Marketing, \u00d6ffentlichkeitsarbeit oder den n\u00e4chsten Internet-Relaunch?<\/p>\n<p><span style=\"font-size: 14pt;\">Portraitfotografie<\/span><\/p>\n<p style=\"padding-left: 40px;\">Sie sind Unternehmer und brauchen dynamische Business-Portraits der Gesch\u00e4ftsf\u00fchrung bzw. der Mitarbeiter f\u00fcr ihren Webauftritt?<\/p>\n<p style=\"padding-left: 40px;\">Sie wurden von uns fotografiert und haben privates Interesse an den Fotos oder Sie sind derzeit sowieso noch auf der Suche nach einem neuen Profilbild f\u00fcr die Soziale Netzwerke?<\/p>\n<p><span style=\"font-size: 14pt;\">Eventfotografie<\/span><\/p>\n<p style=\"padding-left: 40px;\">Sie organisieren ein Event oder eine Party und suchen noch einen sattelfesten, kreativen und Freundlichen Fotografen?<\/p>\n<p><span style=\"font-size: 14pt;\">Unternehmenskommunikation<\/span><\/p>\n<p style=\"padding-left: 40px;\">Sie sind zust\u00e4ndig f\u00fcr die Kommunikation eines Unternehmens und m\u00f6chten in Sachen visuelle Kommunikation einen vielseitigen, zuverl\u00e4ssigen, flexiblen und erfahrenen Partner an Ihrer Seite?<\/p>\n<p style=\"padding-left: 40px;\">Schreiben Sie mich an! Ich freue mich \u00fcber Ihre Anfrage!<\/p>\n","protected":false},"excerpt":{"rendered":"<p>Pressefotografie Sie sind Journalist oder PR-Spezialist und ben\u00f6tigen kurzfristig Fotos\/Videos aus M\u00fcnster oder der Region f\u00fcr eine aktuelle Berichterstattung? Social-Media-Content Sie suchen einzigartiges Bildmaterial f\u00fcr Social Media Marketing, \u00d6ffentlichkeitsarbeit oder den n\u00e4chsten Internet-Relaunch? Portraitfotografie Sie sind Unternehmer und brauchen dynamische Business-Portraits der Gesch\u00e4ftsf\u00fchrung bzw. der Mitarbeiter f\u00fcr ihren Webauftritt? Sie wurden von uns fotografiert und &hellip; <\/p>\n<p class=\"link-more\"><a href=\"https:\/\/muensterview.de\/wordpress\/\" class=\"more-link\"><span class=\"screen-reader-text\">\u201eFotografie f\u00fcr Presse und \u00d6ffentlichkeitsarbeit\u201c<\/span> weiterlesen<\/a><\/p>\n","protected":false},"author":2,"featured_media":0,"parent":0,"menu_order":0,"comment_status":"closed","ping_status":"closed","template":"","meta":{"footnotes":""},"class_list":["post-4","page","type-page","status-publish","hentry"],"_links":{"self":[{"href":"https:\/\/muensterview.de\/wordpress\/index.php\/wp-json\/wp\/v2\/pages\/4","targetHints":{"allow":["GET"]}}],"collection":[{"href":"https:\/\/muensterview.de\/wordpress\/index.php\/wp-json\/wp\/v2\/pages"}],"about":[{"href":"https:\/\/muensterview.de\/wordpress\/index.php\/wp-json\/wp\/v2\/types\/page"}],"author":[{"embeddable":true,"href":"https:\/\/muensterview.de\/wordpress\/index.php\/wp-json\/wp\/v2\/users\/2"}],"replies":[{"embeddable":true,"href":"https:\/\/muensterview.de\/wordpress\/index.php\/wp-json\/wp\/v2\/comments?post=4"}],"version-history":[{"count":15,"href":"https:\/\/muensterview.de\/wordpress\/index.php\/wp-json\/wp\/v2\/pages\/4\/revisions"}],"predecessor-version":[{"id":866,"href":"https:\/\/muensterview.de\/wordpress\/index.php\/wp-json\/wp\/v2\/pages\/4\/revisions\/866"}],"wp:attachment":[{"href":"https:\/\/muensterview.de\/wordpress\/index.php\/wp-json\/wp\/v2\/media?parent=4"}],"curies":[{"name":"wp","href":"https:\/\/api.w.org\/{rel}","templated":true}]}}